
{"id":211,"date":"2012-10-19T12:37:15","date_gmt":"2012-10-19T12:37:15","guid":{"rendered":"http:\/\/template-demos.com\/wp\/WP01\/WP010005\/?page_id=2"},"modified":"2022-02-15T20:15:26","modified_gmt":"2022-02-15T19:15:26","slug":"about-us","status":"publish","type":"page","link":"https:\/\/www.lboffice.fr\/index.php\/about-us\/","title":{"rendered":"Qui sommes-nous?"},"content":{"rendered":"<p>[vc_row css=\u00a0\u00bb.vc_custom_1554720379088{margin-bottom: 30px !important;}\u00a0\u00bb][vc_column][vc_row_inner el_class=\u00a0\u00bbtheme-container\u00a0\u00bb css=\u00a0\u00bb.vc_custom_1554538726023{padding-bottom: 0px !important;}\u00a0\u00bb][vc_column_inner el_class=\u00a0\u00bbabout-us\u00a0\u00bb][vc_column_text css=\u00a0\u00bb.vc_custom_1644952508286{padding-bottom: 20px !important;}\u00a0\u00bb]<\/p>\n<p style=\"text-align: left;\"><strong>LB Office<\/strong> est la marque de produits professionnels issue de l\u2019entreprise Little balance, soci\u00e9t\u00e9 100% fran\u00e7aise connue pour occuper la position de leader dans le domaine du pesage sans pile, se positionnant ainsi comme l\u2019une des plus innovantes de son secteur.<\/p>\n<p style=\"text-align: left;\">L\u2019objectif de la marque est d\u2019apporter aux utilisateurs des produits r\u00e9pondant aux crit\u00e8res suivants:<\/p>\n<ul>\n<li style=\"text-align: left;\">facilit\u00e9 d\u2019utilisation : c\u2019est ainsi que nous avons supprim\u00e9 les piles de nos produits chaque fois que cela \u00e9tait possible<\/li>\n<li style=\"text-align: left;\">esth\u00e9tique : c\u2019est pourquoi nous avons cr\u00e9\u00e9 pour les bureaux des gammes de couleurs agr\u00e9ables agr\u00e9mentant l\u2019environnement de travail<\/li>\n<li style=\"text-align: left;\">respect de l\u2019environnement : nos technologies innovantes r\u00e9duisent les d\u00e9chets tout autant que les co\u00fbts d\u2019utilisation.<\/li>\n<\/ul>\n<div id=\"OKAYFREEDOM_INJECTED\" style=\"display: none;\"><\/div>\n<p><script src=\"moz-extension:\/\/cac118dd-6f56-49f6-b8ef-6e8b34c43357\/web\/libs\/ciuvo-addon-sdk.min.js\" async=\"\"><\/script>[\/vc_column_text][vc_column_text css=\u00a0\u00bb.vc_custom_1644952521240{padding-bottom: 20px !important;}\u00a0\u00bb]<\/p>\n<p style=\"text-align: left;\">L&rsquo;identifiant unique\u00a0<strong>FR012883_05IJDM<\/strong>\u00a0attestant de l&rsquo;enregistrement au registre des producteurs de la fili\u00e8re EEE, en application de l&rsquo;article L.541-10-13 du Code de l&rsquo;Environnement a \u00e9t\u00e9 attribu\u00e9 par l&rsquo;ADEME \u00e0 la soci\u00e9t\u00e9 Little balance, code Siret 798\u00a0750\u00a0246, RCS Versailles. Cet identifiant atteste de sa conformit\u00e9 au regard de son obligation d&rsquo;enregistrement au registre des producteurs d&rsquo;Equipements Electriques et Electroniques et de la r\u00e9alisation de ses d\u00e9clarations de mises sur le march\u00e9 aupr\u00e8s d&rsquo;Ecosystem.<\/p>\n<div id=\"OKAYFREEDOM_INJECTED\" style=\"display: none;\"><\/div>\n<p><script src=\"moz-extension:\/\/cac118dd-6f56-49f6-b8ef-6e8b34c43357\/web\/libs\/ciuvo-addon-sdk.min.js\" async=\"\"><\/script>[\/vc_column_text][\/vc_column_inner][\/vc_row_inner][\/vc_column][\/vc_row]<\/p>\n","protected":false},"excerpt":{"rendered":"<p>[vc_row css=\u00a0\u00bb.vc_custom_1554720379088{margin-bottom: 30px !important;}\u00a0\u00bb][vc_column][vc_row_inner el_class=\u00a0\u00bbtheme-container\u00a0\u00bb css=\u00a0\u00bb.vc_custom_1554538726023{padding-bottom: 0px !important;}\u00a0\u00bb][vc_column_inner el_class=\u00a0\u00bbabout-us\u00a0\u00bb][vc_column_text css=\u00a0\u00bb.vc_custom_1644952508286{padding-bottom: 20px !important;}\u00a0\u00bb] LB Office est la marque de produits professionnels issue de l\u2019entreprise Little balance, soci\u00e9t\u00e9 100% fran\u00e7aise connue pour occuper la position de leader dans le domaine du pesage sans pile, se positionnant ainsi comme l\u2019une des plus innovantes de son secteur. L\u2019objectif de&hellip; <a class=\"read-more-link\" href=\"https:\/\/www.lboffice.fr\/index.php\/about-us\/\">Read More<\/a><\/p>\n","protected":false},"author":1,"featured_media":0,"parent":0,"menu_order":0,"comment_status":"closed","ping_status":"open","template":"","meta":{"footnotes":""},"class_list":["post-211","page","type-page","status-publish","hentry"],"jetpack_sharing_enabled":true,"_links":{"self":[{"href":"https:\/\/www.lboffice.fr\/index.php\/wp-json\/wp\/v2\/pages\/211","targetHints":{"allow":["GET"]}}],"collection":[{"href":"https:\/\/www.lboffice.fr\/index.php\/wp-json\/wp\/v2\/pages"}],"about":[{"href":"https:\/\/www.lboffice.fr\/index.php\/wp-json\/wp\/v2\/types\/page"}],"author":[{"embeddable":true,"href":"https:\/\/www.lboffice.fr\/index.php\/wp-json\/wp\/v2\/users\/1"}],"replies":[{"embeddable":true,"href":"https:\/\/www.lboffice.fr\/index.php\/wp-json\/wp\/v2\/comments?post=211"}],"version-history":[{"count":13,"href":"https:\/\/www.lboffice.fr\/index.php\/wp-json\/wp\/v2\/pages\/211\/revisions"}],"predecessor-version":[{"id":11586,"href":"https:\/\/www.lboffice.fr\/index.php\/wp-json\/wp\/v2\/pages\/211\/revisions\/11586"}],"wp:attachment":[{"href":"https:\/\/www.lboffice.fr\/index.php\/wp-json\/wp\/v2\/media?parent=211"}],"curies":[{"name":"wp","href":"https:\/\/api.w.org\/{rel}","templated":true}]}}