
{"id":9679,"date":"2019-11-04T14:23:11","date_gmt":"2019-11-04T13:23:11","guid":{"rendered":"https:\/\/www.lboffice.fr\/?page_id=9679"},"modified":"2022-02-15T19:56:49","modified_gmt":"2022-02-15T18:56:49","slug":"mentions-legales","status":"publish","type":"page","link":"https:\/\/www.lboffice.fr\/index.php\/mentions-legales\/","title":{"rendered":"Mentions l\u00e9gales"},"content":{"rendered":"\n<p><\/p>\n\n\n\n<p>RCS 414&nbsp;015&nbsp;255 <\/p>\n\n\n\n<ul class=\"wp-block-list\"><li>Tous droits r\u00e9serv\u00e9s. Marques, logos, textes, images,  vid\u00e9os et animations sont la propri\u00e9t\u00e9 intellectuelle de LB Office &#8211; CODAMEX  et soumis \u00e0 la protection du droit d\u2019auteur.<\/li><li>Notre site a \u00e9t\u00e9 con\u00e7u avec le plus grand soin possible, mais  n\u2019est pas \u00e0 l\u2019abri d\u2019erreurs, nous d\u00e9clinons toute responsabilit\u00e9 pour  les dommages r\u00e9sultant de son utilisation.<\/li><li>La Commission Europ\u00e9enne a institu\u00e9 une plateforme pour le r\u00e8glement en ligne des litiges relatifs \u00e0 des achats en ligne\u00a0:\u00a0<a rel=\"noreferrer noopener\" href=\"http:\/\/ec.europa.eu\/consumers\/odr\/\" target=\"_blank\">http:\/\/ec.europa.eu\/consumers\/odr\/<\/a>\u00a0cependant  LB Office &#8211; CODAMEX  ne s\u2019engage pas \u00e0 accepter le recours \u00e0 un organisme d\u2019arbitrage pour consommateurs.<\/li><li>Les donn\u00e9es personnelles collect\u00e9es pendant les visites \u00e0  notre site web sont trait\u00e9es par nous de mani\u00e8re confidentielle et  conform\u00e9ment aux dispositions l\u00e9gales. Elles ne sont utilis\u00e9es qu\u2019\u00e0 fin  d\u2019administration technique du site et ne seront pas divulgu\u00e9es \u00e0 des  tiers sans votre accord.<\/li><li> LB Office &#8211; CODAMEX  utilise des cookies ainsi que des composants  actifs afin de comprendre les pr\u00e9f\u00e9rences de ses visiteurs et  d\u2019optimiser la pr\u00e9sentation de son site. Vous pouvez contr\u00f4ler  l&rsquo;utilisation des cookies en cliquant \u00ab\u00a0Param\u00e8tres des cookies\u00a0\u00bb en bas de  page.<\/li><li>Vous pouvez nous faire part de votre refus relatif \u00e0 la  collecte, au traitement et \u00e0 l\u2019utilisation de vos donn\u00e9es personnelles.  Conform\u00e9ment \u00e0 la loi \u00ab Informatique et Libert\u00e9s \u00bb du 6 janvier 1978,  vous b\u00e9n\u00e9ficiez d\u2019un droit d\u2019acc\u00e8s et de rectification aux informations  qui vous concernent, que vous pouvez exercer en \u00e9crivant \u00e0 notre Service  Consommateurs en charge de la gestion de nos bases de donn\u00e9es\u00a0: <a href=\"mailto:lboffice@codamex.fr\">boffice@codamex.fr<\/a><\/li><\/ul>\n\n\n\n<p> <em>L&rsquo;identifiant unique\u00a0<strong>FR012883_05IJDM<\/strong>\u00a0attestant de l&rsquo;enregistrement au registre des producteurs de la fili\u00e8re EEE, en application de l&rsquo;article L.541-10-13 du Code de l&rsquo;Environnement a \u00e9t\u00e9 attribu\u00e9 par l&rsquo;ADEME \u00e0 la soci\u00e9t\u00e9 Little balance, code Siret 798\u00a0750\u00a0246, RCS Versailles. Cet identifiant atteste de sa conformit\u00e9 au regard de son obligation d&rsquo;enregistrement au registre des producteurs d&rsquo;Equipements Electriques et Electroniques et de la r\u00e9alisation de ses d\u00e9clarations de mises sur le march\u00e9 aupr\u00e8s d&rsquo;Ecosystem.<\/em> <\/p>\n","protected":false},"excerpt":{"rendered":"<p>RCS 414&nbsp;015&nbsp;255 Tous droits r\u00e9serv\u00e9s. Marques, logos, textes, images, vid\u00e9os et animations sont la propri\u00e9t\u00e9 intellectuelle de LB Office &#8211; CODAMEX et soumis \u00e0 la protection du droit d\u2019auteur. Notre site a \u00e9t\u00e9 con\u00e7u avec le plus grand soin possible, mais n\u2019est pas \u00e0 l\u2019abri d\u2019erreurs, nous d\u00e9clinons toute responsabilit\u00e9 pour les dommages r\u00e9sultant de&hellip; <a class=\"read-more-link\" href=\"https:\/\/www.lboffice.fr\/index.php\/mentions-legales\/\">Read More<\/a><\/p>\n","protected":false},"author":1,"featured_media":0,"parent":0,"menu_order":0,"comment_status":"closed","ping_status":"closed","template":"","meta":{"footnotes":""},"class_list":["post-9679","page","type-page","status-publish","hentry"],"jetpack_sharing_enabled":true,"_links":{"self":[{"href":"https:\/\/www.lboffice.fr\/index.php\/wp-json\/wp\/v2\/pages\/9679","targetHints":{"allow":["GET"]}}],"collection":[{"href":"https:\/\/www.lboffice.fr\/index.php\/wp-json\/wp\/v2\/pages"}],"about":[{"href":"https:\/\/www.lboffice.fr\/index.php\/wp-json\/wp\/v2\/types\/page"}],"author":[{"embeddable":true,"href":"https:\/\/www.lboffice.fr\/index.php\/wp-json\/wp\/v2\/users\/1"}],"replies":[{"embeddable":true,"href":"https:\/\/www.lboffice.fr\/index.php\/wp-json\/wp\/v2\/comments?post=9679"}],"version-history":[{"count":3,"href":"https:\/\/www.lboffice.fr\/index.php\/wp-json\/wp\/v2\/pages\/9679\/revisions"}],"predecessor-version":[{"id":11577,"href":"https:\/\/www.lboffice.fr\/index.php\/wp-json\/wp\/v2\/pages\/9679\/revisions\/11577"}],"wp:attachment":[{"href":"https:\/\/www.lboffice.fr\/index.php\/wp-json\/wp\/v2\/media?parent=9679"}],"curies":[{"name":"wp","href":"https:\/\/api.w.org\/{rel}","templated":true}]}}