
{"id":9681,"date":"2019-11-04T14:27:34","date_gmt":"2019-11-04T13:27:34","guid":{"rendered":"https:\/\/www.lboffice.fr\/?page_id=9681"},"modified":"2019-11-04T14:27:35","modified_gmt":"2019-11-04T13:27:35","slug":"garantie","status":"publish","type":"page","link":"https:\/\/www.lboffice.fr\/index.php\/garantie\/","title":{"rendered":"Garantie"},"content":{"rendered":"\n<h2 class=\"wp-block-heading\" style=\"text-align:left\">5 ans sur les produits de pesage<br>2 ans sur les autres produits<\/h2>\n\n\n\n<p>La mise en \u0153uvre de la garantie est soumise \u00e0 pr\u00e9sentation d\u2019un justificatif original de l\u2019achat comportant date et prix.<\/p>\n\n\n\n<p>\nSont exclus de la garantie : \u2022&nbsp;d\u00e9t\u00e9riorations provenant d\u2019une mauvaise utilisation ou d\u2019un non-respect du mode d\u2019emploi<br>\u2022&nbsp;chute ou d\u00e9gradations non imputables au fabricant \n\n<\/p>\n\n\n\n<p>L&rsquo;acheteur\n b\u00e9n\u00e9ficie de la garantie l\u00e9gale de conformit\u00e9 au contrat (articles L \n211-4, L 211-5 et L 211-12 du Code de la Consommation) ainsi que la \ngarantie des d\u00e9fauts et vices cach\u00e9s (articles 1641 \u00e0 1649 du Code \nCivil).<\/p>\n","protected":false},"excerpt":{"rendered":"<p>5 ans sur les produits de pesage2 ans sur les autres produits La mise en \u0153uvre de la garantie est soumise \u00e0 pr\u00e9sentation d\u2019un justificatif original de l\u2019achat comportant date et prix. Sont exclus de la garantie : \u2022&nbsp;d\u00e9t\u00e9riorations provenant d\u2019une mauvaise utilisation ou d\u2019un non-respect du mode d\u2019emploi\u2022&nbsp;chute ou d\u00e9gradations non imputables au fabricant&hellip; <a class=\"read-more-link\" href=\"https:\/\/www.lboffice.fr\/index.php\/garantie\/\">Read More<\/a><\/p>\n","protected":false},"author":1,"featured_media":0,"parent":0,"menu_order":0,"comment_status":"closed","ping_status":"closed","template":"","meta":{"footnotes":""},"class_list":["post-9681","page","type-page","status-publish","hentry"],"jetpack_sharing_enabled":true,"_links":{"self":[{"href":"https:\/\/www.lboffice.fr\/index.php\/wp-json\/wp\/v2\/pages\/9681","targetHints":{"allow":["GET"]}}],"collection":[{"href":"https:\/\/www.lboffice.fr\/index.php\/wp-json\/wp\/v2\/pages"}],"about":[{"href":"https:\/\/www.lboffice.fr\/index.php\/wp-json\/wp\/v2\/types\/page"}],"author":[{"embeddable":true,"href":"https:\/\/www.lboffice.fr\/index.php\/wp-json\/wp\/v2\/users\/1"}],"replies":[{"embeddable":true,"href":"https:\/\/www.lboffice.fr\/index.php\/wp-json\/wp\/v2\/comments?post=9681"}],"version-history":[{"count":1,"href":"https:\/\/www.lboffice.fr\/index.php\/wp-json\/wp\/v2\/pages\/9681\/revisions"}],"predecessor-version":[{"id":9682,"href":"https:\/\/www.lboffice.fr\/index.php\/wp-json\/wp\/v2\/pages\/9681\/revisions\/9682"}],"wp:attachment":[{"href":"https:\/\/www.lboffice.fr\/index.php\/wp-json\/wp\/v2\/media?parent=9681"}],"curies":[{"name":"wp","href":"https:\/\/api.w.org\/{rel}","templated":true}]}}